{"id":9,"date":"2026-02-19T09:09:24","date_gmt":"2026-02-19T09:09:24","guid":{"rendered":"http:\/\/uian.org\/home\/"},"modified":"2026-02-26T16:19:53","modified_gmt":"2026-02-26T16:19:53","slug":"home","status":"publish","type":"page","link":"https:\/\/uian.org\/it\/","title":{"rendered":"Home"},"content":{"rendered":"\n<div class=\"wp-block-cover alignfull is-light is-repeated\" style=\"margin-top:0;margin-bottom:0;padding-top:0;padding-bottom:0;min-height:895px;aspect-ratio:unset;\"><div class=\"wp-block-cover__image-background wp-image-2372 size-full is-repeated\" style=\"background-position:100% 0%;background-image:url(https:\/\/uian.org\/wp-content\/uploads\/2026\/02\/uian-bg.jpg)\"><\/div><span aria-hidden=\"true\" class=\"wp-block-cover__background has-ast-global-color-5-background-color has-background-dim-0 has-background-dim\"><\/span><div class=\"wp-block-cover__inner-container is-layout-flow wp-container-core-cover-is-layout-4fa898ef wp-block-cover-is-layout-flow\">\n<div class=\"wp-block-columns is-layout-flex wp-container-core-columns-is-layout-28f84493 wp-block-columns-is-layout-flex\">\n<div class=\"wp-block-column is-layout-flow wp-block-column-is-layout-flow\" style=\"flex-basis:55%\">\n<h1 class=\"wp-block-heading has-text-align-left has-ast-global-color-2-color has-text-color\">Supporto per i migranti<\/h1>\n\n\n\n<div class=\"wp-block-columns are-vertically-aligned-center is-layout-flex wp-container-core-columns-is-layout-28f84493 wp-block-columns-is-layout-flex\">\n<div class=\"wp-block-column is-vertically-aligned-center is-layout-flow wp-block-column-is-layout-flow\" style=\"flex-basis:30%\">\n<div class=\"wp-block-buttons is-layout-flex wp-block-buttons-is-layout-flex\">\n<div class=\"wp-block-button\"><a class=\"wp-block-button__link has-ast-global-color-5-color has-ast-global-color-0-background-color has-text-color has-background wp-element-button\" href=\"#\">Dona ora<\/a><\/div>\n<\/div>\n<\/div>\n\n\n\n<div class=\"wp-block-column is-vertically-aligned-center is-layout-flow wp-block-column-is-layout-flow\" style=\"flex-basis:70%\">\n<h4 class=\"wp-block-heading has-text-align-left has-ast-global-color-2-color has-text-color\">+1 123 456 78 90<\/h4>\n<\/div>\n<\/div>\n<\/div>\n\n\n\n<div class=\"wp-block-column is-layout-flow wp-block-column-is-layout-flow\" style=\"flex-basis:45%\"><\/div>\n<\/div>\n<\/div><\/div>\n\n\n\n<div class=\"wp-block-group alignfull has-ast-global-color-5-background-color has-background is-layout-flow wp-block-group-is-layout-flow\"><div class=\"wp-block-group__inner-container\">\n<div class=\"wp-block-media-text alignwide is-stacked-on-mobile\"><figure class=\"wp-block-media-text__media\"><img decoding=\"async\" src=\"https:\/\/uian.org\/wp-content\/uploads\/2022\/02\/covid19-blue-circle-bg.svg\" alt=\"\" class=\"wp-image-1352 size-full\"\/><\/figure><div class=\"wp-block-media-text__content\">\n<h2 class=\"wp-block-heading\">Supporto per gli immigrati durante i primi mesi di adattamento<\/h2>\n\n\n\n<p>Trasferirsi in un altro Paese \u00e8 sempre stressante. Per molte persone, non si tratta solo di una nuova fase della vita, ma di un passo forzato, accompagnato dalla perdita del lavoro, dell&#8217;alloggio e del sostegno familiare. Stiamo raccogliendo donazioni volontarie per aiutare gli immigrati ad affrontare i primi mesi pi\u00f9 difficili: pagare un alloggio temporaneo, ottenere consulenza legale e soddisfare i bisogni primari. Ogni contributo conta.<\/p>\n\n\n\n<div class=\"wp-block-buttons is-layout-flex wp-block-buttons-is-layout-flex\">\n<div class=\"wp-block-button\"><a class=\"wp-block-button__link wp-element-button\">Scopri come funziona<\/a><\/div>\n<\/div>\n<\/div><\/div>\n\n\n\n<div class=\"wp-block-group alignfull has-ast-global-color-5-color has-ast-global-color-5-background-color has-text-color has-background is-layout-flow wp-block-group-is-layout-flow\"><div class=\"wp-block-group__inner-container\">\n<h2 class=\"wp-block-heading has-text-align-center\">Quali problemi affrontano gli immigrati?<\/h2>\n\n\n\n<p class=\"has-text-align-center has-ast-global-color-3-color has-text-color\">Dopo il trasferimento, molte persone si trovano in una situazione di vulnerabilit\u00e0:<\/p>\n\n\n\n<div class=\"wp-block-columns is-layout-flex wp-container-core-columns-is-layout-28f84493 wp-block-columns-is-layout-flex\">\n<div class=\"wp-block-column is-layout-flow wp-block-column-is-layout-flow\">\n<div class=\"wp-block-uagb-info-box uagb-block-ef5ac20f uagb-infobox__content-wrap  uagb-infobox-icon-above-title uagb-infobox-image-valign-top\"><div class=\"uagb-ifb-content\"><div class=\"uagb-ifb-image-content\"><img decoding=\"async\" src=\"https:\/\/uian.org\/wp-content\/uploads\/2026\/02\/home.png\" alt=\"\" width=\"64\" height=\"78\" loading=\"lazy\"\/><\/div><div class=\"uagb-ifb-title-wrap\"><h5 class=\"uagb-ifb-title\"><strong>Nessuna sistemazione stabile o fondi per l&#8217;affitto<\/strong><\/h5><\/div><\/div><\/div>\n\n\n\n<p class=\"has-ast-global-color-0-color has-text-color\"><\/p>\n<\/div>\n\n\n\n<div class=\"wp-block-column is-layout-flow wp-block-column-is-layout-flow\">\n<div class=\"wp-block-uagb-info-box uagb-block-8f542a72 uagb-infobox__content-wrap  uagb-infobox-icon-above-title uagb-infobox-image-valign-top\"><div class=\"uagb-ifb-content\"><div class=\"uagb-ifb-image-content\"><img decoding=\"async\" src=\"https:\/\/uian.org\/wp-content\/uploads\/2026\/02\/wegth.png\" alt=\"\" width=\"64\" height=\"67\" loading=\"lazy\"\/><\/div><div class=\"uagb-ifb-title-wrap\"><h5 class=\"uagb-ifb-title\"><strong>Non hanno abbastanza soldi per l&#8217;assistenza legale<\/strong><\/h5><\/div><\/div><\/div>\n\n\n\n<p class=\"has-ast-global-color-0-color has-text-color\"><\/p>\n<\/div>\n\n\n\n<div class=\"wp-block-column is-layout-flow wp-block-column-is-layout-flow\">\n<div class=\"wp-block-uagb-info-box uagb-block-b6f3e42b uagb-infobox__content-wrap  uagb-infobox-icon-above-title uagb-infobox-image-valign-top\"><div class=\"uagb-ifb-content\"><div class=\"uagb-ifb-image-content\"><img decoding=\"async\" src=\"https:\/\/uian.org\/wp-content\/uploads\/2026\/02\/doc.png\" alt=\"\" width=\"64\" height=\"88\" loading=\"lazy\"\/><\/div><div class=\"uagb-ifb-title-wrap\"><h5 class=\"uagb-ifb-title\"><strong>Difficolt\u00e0 con la burocrazia<\/strong><\/h5><\/div><\/div><\/div>\n\n\n\n<p class=\"has-ast-global-color-0-color has-text-color\"><\/p>\n<\/div>\n\n\n\n<div class=\"wp-block-column is-layout-flow wp-block-column-is-layout-flow\">\n<div class=\"wp-block-uagb-info-box uagb-block-0b8b89c0 uagb-infobox__content-wrap  uagb-infobox-icon-above-title uagb-infobox-image-valign-top\"><div class=\"uagb-ifb-content\"><div class=\"uagb-ifb-image-content\"><img decoding=\"async\" src=\"https:\/\/uian.org\/wp-content\/uploads\/2026\/02\/folder.png\" alt=\"\" width=\"64\" height=\"70\" loading=\"lazy\"\/><\/div><div class=\"uagb-ifb-title-wrap\"><h5 class=\"uagb-ifb-title\"><strong><strong>Perdita del lavoro e mancanza di reddito<\/strong><\/strong><\/h5><\/div><\/div><\/div>\n\n\n\n<p class=\"has-ast-global-color-0-color has-text-color\"><\/p>\n<\/div>\n\n\n\n<div class=\"wp-block-column is-layout-flow wp-block-column-is-layout-flow\">\n<div class=\"wp-block-uagb-info-box uagb-block-11dfe256 uagb-infobox__content-wrap  uagb-infobox-icon-above-title uagb-infobox-image-valign-top\"><div class=\"uagb-ifb-content\"><div class=\"uagb-ifb-image-content\"><img decoding=\"async\" src=\"https:\/\/uian.org\/wp-content\/uploads\/2026\/02\/medical.png\" alt=\"\" width=\"64\" height=\"80\" loading=\"lazy\"\/><\/div><div class=\"uagb-ifb-title-wrap\"><h5 class=\"uagb-ifb-title\"><strong><strong>Accesso limitato all&#8217;assistenza sanitaria<\/strong><\/strong><\/h5><\/div><\/div><\/div>\n\n\n\n<p class=\"has-ast-global-color-0-color has-text-color\"><\/p>\n<\/div>\n<\/div>\n\n\n\n<p class=\"has-text-align-center has-ast-global-color-3-color has-text-color\">Anche un sostegno finanziario a breve termine pu\u00f2 essere cruciale.<\/p>\n<\/div><\/div>\n\n\n\n<div class=\"wp-block-columns is-layout-flex wp-container-core-columns-is-layout-28f84493 wp-block-columns-is-layout-flex\">\n<div class=\"wp-block-column is-layout-flow wp-block-column-is-layout-flow\">\n<h2 class=\"wp-block-heading\">Chi aiutiamo<\/h2>\n\n\n\n<p>Il supporto \u00e8 fornito a:<\/p>\n\n\n\n<ul class=\"wp-block-list\">\n<li>famiglie con bambini<\/li>\n\n\n\n<li>persone senza un reddito stabile<\/li>\n\n\n\n<li>richiedenti asilo<\/li>\n\n\n\n<li>emigranti nei primi tre mesi dopo il trasferimento<\/li>\n\n\n\n<li>persone in situazioni di emergenza<\/li>\n<\/ul>\n\n\n\n<p>La priorit\u00e0 \u00e8 data ai casi pi\u00f9 vulnerabili.<\/p>\n<\/div>\n\n\n\n<div class=\"wp-block-column is-layout-flow wp-block-column-is-layout-flow\">\n<figure class=\"wp-block-image size-full is-resized\"><img loading=\"lazy\" decoding=\"async\" width=\"506\" height=\"505\" src=\"https:\/\/uian.org\/wp-content\/uploads\/2026\/02\/uian-2.jpg\" alt=\"\" class=\"wp-image-2378\" style=\"aspect-ratio:1.0019992678737364;width:578px;height:auto\" srcset=\"https:\/\/uian.org\/wp-content\/uploads\/2026\/02\/uian-2.jpg 506w, https:\/\/uian.org\/wp-content\/uploads\/2026\/02\/uian-2-300x300.jpg 300w, https:\/\/uian.org\/wp-content\/uploads\/2026\/02\/uian-2-150x150.jpg 150w\" sizes=\"auto, (max-width: 506px) 100vw, 506px\" \/><\/figure>\n<\/div>\n<\/div>\n\n\n\n<div class=\"wp-block-columns is-layout-flex wp-container-core-columns-is-layout-28f84493 wp-block-columns-is-layout-flex\">\n<div class=\"wp-block-column is-layout-flow wp-block-column-is-layout-flow\">\n<figure class=\"wp-block-image size-full\"><img loading=\"lazy\" decoding=\"async\" width=\"506\" height=\"508\" src=\"https:\/\/uian.org\/wp-content\/uploads\/2026\/02\/uian-4.jpg\" alt=\"\" class=\"wp-image-2371\" srcset=\"https:\/\/uian.org\/wp-content\/uploads\/2026\/02\/uian-4.jpg 506w, https:\/\/uian.org\/wp-content\/uploads\/2026\/02\/uian-4-300x300.jpg 300w, https:\/\/uian.org\/wp-content\/uploads\/2026\/02\/uian-4-150x150.jpg 150w\" sizes=\"auto, (max-width: 506px) 100vw, 506px\" \/><\/figure>\n<\/div>\n\n\n\n<div class=\"wp-block-column is-layout-flow wp-block-column-is-layout-flow\">\n<div class=\"wp-block-group is-nowrap is-layout-flex wp-container-core-group-is-layout-6c531013 wp-block-group-is-layout-flex\">\n<h2 class=\"wp-block-heading has-ast-global-color-2-color has-text-color\">Come funziona il supporto<\/h2>\n<\/div>\n\n\n\n<p class=\"has-ast-global-color-3-color has-text-color\">Operiamo in modo semplice e trasparente:<\/p>\n\n\n\n<p>1. Riceviamo le richieste Le persone descrivono la loro situazione tramite il modulo di domanda.<\/p>\n\n\n\n<p>2. Verifichiamo le informazioni Chiariamo i dettagli e valutiamo l&#8217;urgenza dell&#8217;assistenza.<\/p>\n\n\n\n<p>3. Distribuiamo le donazioni I fondi vengono trasferiti direttamente ai beneficiari o utilizzati per pagare servizi specifici (alloggio, consulenze legali, ecc.).<\/p>\n\n\n\n<p>Pubblichiamo report periodici sui fondi raccolti e distribuiti.<\/p>\n<\/div>\n<\/div>\n<\/div><\/div>\n\n\n\n<div class=\"wp-block-group alignfull has-ast-global-color-4-background-color has-background is-layout-flow wp-block-group-is-layout-flow\"><div class=\"wp-block-group__inner-container\">\n<div class=\"wp-block-columns is-layout-flex wp-container-core-columns-is-layout-28f84493 wp-block-columns-is-layout-flex\">\n<div class=\"wp-block-column has-ast-global-color-4-background-color has-background is-layout-flow wp-block-column-is-layout-flow\">\n<h2 class=\"wp-block-heading has-text-align-center\">Come puoi aiutare<\/h2>\n\n\n\n<p class=\"has-text-align-center\">Anche una piccola donazione \u00e8 utile:<\/p>\n<\/div>\n<\/div>\n\n\n\n<div class=\"wp-block-group has-ast-global-color-5-background-color has-background is-layout-flow wp-block-group-is-layout-flow\"><div class=\"wp-block-group__inner-container\">\n<div class=\"wp-block-columns has-ast-global-color-5-background-color has-background is-layout-flex wp-container-core-columns-is-layout-28f84493 wp-block-columns-is-layout-flex\">\n<div class=\"wp-block-column is-layout-flow wp-block-column-is-layout-flow\">\n<h4 class=\"wp-block-heading\">20 $ &#8211; cibo per qualche giorno<\/h4>\n\n\n\n<p><\/p>\n\n\n\n<div class=\"wp-block-buttons is-layout-flex wp-block-buttons-is-layout-flex\">\n<div class=\"wp-block-button\"><a class=\"wp-block-button__link wp-element-button\">Dona 20 $<\/a><\/div>\n<\/div>\n<\/div>\n\n\n\n<div class=\"wp-block-column is-layout-flow wp-block-column-is-layout-flow\">\n<h4 class=\"wp-block-heading\">50 $ &#8211; pagamento parziale dell&#8217;affitto<\/h4>\n\n\n\n<p><\/p>\n\n\n\n<div class=\"wp-block-buttons is-layout-flex wp-block-buttons-is-layout-flex\">\n<div class=\"wp-block-button\"><a class=\"wp-block-button__link wp-element-button\">Dona 50 $<\/a><\/div>\n<\/div>\n<\/div>\n\n\n\n<div class=\"wp-block-column is-layout-flow wp-block-column-is-layout-flow\">\n<h4 class=\"wp-block-heading\">100 $ &#8211; consulenza legale<\/h4>\n\n\n\n<p><\/p>\n\n\n\n<div class=\"wp-block-buttons is-layout-flex wp-block-buttons-is-layout-flex\">\n<div class=\"wp-block-button\"><a class=\"wp-block-button__link wp-element-button\">Il tuo importo<\/a><\/div>\n<\/div>\n<\/div>\n<\/div>\n<\/div><\/div>\n<\/div><\/div>\n\n\n\n<div class=\"wp-block-group alignfull has-ast-global-color-5-background-color has-background is-layout-flow wp-block-group-is-layout-flow\"><div class=\"wp-block-group__inner-container\">\n<div class=\"wp-block-columns is-layout-flex wp-container-core-columns-is-layout-28f84493 wp-block-columns-is-layout-flex\">\n<div class=\"wp-block-column is-layout-flow wp-block-column-is-layout-flow\"><\/div>\n<\/div>\n<\/div><\/div>\n\n\n\n<div class=\"wp-block-group alignfull has-ast-global-color-5-background-color has-background is-layout-flow wp-block-group-is-layout-flow\"><div class=\"wp-block-group__inner-container\">\n<div class=\"wp-block-columns is-layout-flex wp-container-core-columns-is-layout-28f84493 wp-block-columns-is-layout-flex\">\n<div class=\"wp-block-column is-layout-flow wp-block-column-is-layout-flow\">\n<div class=\"wp-block-group is-layout-constrained wp-block-group-is-layout-constrained\"><div class=\"wp-block-group__inner-container\">\n<h2 class=\"wp-block-heading has-ast-global-color-2-color has-text-color\">Ricevi aiuto<\/h2>\n\n\n\n<p class=\"has-ast-global-color-3-color has-text-color\">Se ti trovi in \u200b\u200buna situazione difficile dopo il trasloco, puoi presentare una domanda per essere preso in considerazione.<\/p>\n\n\n\n<div class=\"wp-block-buttons is-layout-flex wp-block-buttons-is-layout-flex\">\n<div class=\"wp-block-button\"><a class=\"wp-block-button__link wp-element-button\" href=\"#\">Invia domanda<\/a><\/div>\n<\/div>\n<\/div><\/div>\n<\/div>\n\n\n\n<div class=\"wp-block-column is-layout-flow wp-block-column-is-layout-flow\">\n<figure class=\"wp-block-image size-full\"><img loading=\"lazy\" decoding=\"async\" width=\"1014\" height=\"675\" src=\"https:\/\/uian.org\/wp-content\/uploads\/2026\/02\/2026-02-24_11-44-40.png\" alt=\"\" class=\"wp-image-2263\" style=\"aspect-ratio:1.502253040060904\" srcset=\"https:\/\/uian.org\/wp-content\/uploads\/2026\/02\/2026-02-24_11-44-40.png 1014w, https:\/\/uian.org\/wp-content\/uploads\/2026\/02\/2026-02-24_11-44-40-300x200.png 300w, https:\/\/uian.org\/wp-content\/uploads\/2026\/02\/2026-02-24_11-44-40-768x511.png 768w\" sizes=\"auto, (max-width: 1014px) 100vw, 1014px\" \/><\/figure>\n<\/div>\n<\/div>\n<\/div><\/div>\n\n\n\n<p><\/p>\n","protected":false},"excerpt":{"rendered":"<p>Supporto per gli immigrati durante i primi mesi di adattamento Trasferirsi in un altro Paese \u00e8 sempre stressante. Per molte persone, non si tratta solo di una nuova fase della vita, ma di un passo forzato, accompagnato dalla perdita del lavoro, dell&#8217;alloggio e del sostegno familiare. Stiamo raccogliendo donazioni volontarie per aiutare gli immigrati ad [&hellip;]<\/p>\n","protected":false},"author":1,"featured_media":0,"parent":0,"menu_order":0,"comment_status":"closed","ping_status":"closed","template":"","meta":{"_uag_custom_page_level_css":"","site-sidebar-layout":"no-sidebar","site-content-layout":"plain-container","ast-site-content-layout":"normal-width-container","site-content-style":"unboxed","site-sidebar-style":"unboxed","ast-global-header-display":"","ast-banner-title-visibility":"","ast-main-header-display":"","ast-hfb-above-header-display":"","ast-hfb-below-header-display":"","ast-hfb-mobile-header-display":"","site-post-title":"disabled","ast-breadcrumbs-content":"","ast-featured-img":"disabled","footer-sml-layout":"","ast-disable-related-posts":"","theme-transparent-header-meta":"enabled","adv-header-id-meta":"","stick-header-meta":"","header-above-stick-meta":"","header-main-stick-meta":"","header-below-stick-meta":"","astra-migrate-meta-layouts":"set","ast-page-background-enabled":"default","ast-page-background-meta":{"desktop":{"background-color":"","background-image":"","background-repeat":"repeat","background-position":"center center","background-size":"auto","background-attachment":"scroll","background-type":"","background-media":"","overlay-type":"","overlay-color":"","overlay-opacity":"","overlay-gradient":""},"tablet":{"background-color":"","background-image":"","background-repeat":"repeat","background-position":"center center","background-size":"auto","background-attachment":"scroll","background-type":"","background-media":"","overlay-type":"","overlay-color":"","overlay-opacity":"","overlay-gradient":""},"mobile":{"background-color":"","background-image":"","background-repeat":"repeat","background-position":"center center","background-size":"auto","background-attachment":"scroll","background-type":"","background-media":"","overlay-type":"","overlay-color":"","overlay-opacity":"","overlay-gradient":""}},"ast-content-background-meta":{"desktop":{"background-color":"var(--ast-global-color-4)","background-image":"","background-repeat":"repeat","background-position":"center center","background-size":"auto","background-attachment":"scroll","background-type":"","background-media":"","overlay-type":"","overlay-color":"","overlay-opacity":"","overlay-gradient":""},"tablet":{"background-color":"var(--ast-global-color-4)","background-image":"","background-repeat":"repeat","background-position":"center center","background-size":"auto","background-attachment":"scroll","background-type":"","background-media":"","overlay-type":"","overlay-color":"","overlay-opacity":"","overlay-gradient":""},"mobile":{"background-color":"var(--ast-global-color-4)","background-image":"","background-repeat":"repeat","background-position":"center center","background-size":"auto","background-attachment":"scroll","background-type":"","background-media":"","overlay-type":"","overlay-color":"","overlay-opacity":"","overlay-gradient":""}},"footnotes":""},"class_list":["post-9","page","type-page","status-publish","hentry"],"aioseo_notices":[],"_hostinger_reach_plugin_has_subscription_block":false,"_hostinger_reach_plugin_is_elementor":false,"uagb_featured_image_src":{"full":false,"thumbnail":false,"medium":false,"medium_large":false,"large":false,"1536x1536":false,"2048x2048":false},"uagb_author_info":{"display_name":"info@rispo.ru","author_link":"https:\/\/uian.org\/it\/author\/inforispo-ru\/"},"uagb_comment_info":0,"uagb_excerpt":"Supporto per gli immigrati durante i primi mesi di adattamento Trasferirsi in un altro Paese \u00e8 sempre stressante. Per molte persone, non si tratta solo di una nuova fase della vita, ma di un passo forzato, accompagnato dalla perdita del lavoro, dell&#8217;alloggio e del sostegno familiare. Stiamo raccogliendo donazioni volontarie per aiutare gli immigrati ad&hellip;","_links":{"self":[{"href":"https:\/\/uian.org\/it\/wp-json\/wp\/v2\/pages\/9","targetHints":{"allow":["GET"]}}],"collection":[{"href":"https:\/\/uian.org\/it\/wp-json\/wp\/v2\/pages"}],"about":[{"href":"https:\/\/uian.org\/it\/wp-json\/wp\/v2\/types\/page"}],"author":[{"embeddable":true,"href":"https:\/\/uian.org\/it\/wp-json\/wp\/v2\/users\/1"}],"replies":[{"embeddable":true,"href":"https:\/\/uian.org\/it\/wp-json\/wp\/v2\/comments?post=9"}],"version-history":[{"count":132,"href":"https:\/\/uian.org\/it\/wp-json\/wp\/v2\/pages\/9\/revisions"}],"predecessor-version":[{"id":2505,"href":"https:\/\/uian.org\/it\/wp-json\/wp\/v2\/pages\/9\/revisions\/2505"}],"wp:attachment":[{"href":"https:\/\/uian.org\/it\/wp-json\/wp\/v2\/media?parent=9"}],"curies":[{"name":"wp","href":"https:\/\/api.w.org\/{rel}","templated":true}]}}