{"id":9,"date":"2026-02-19T09:09:24","date_gmt":"2026-02-19T09:09:24","guid":{"rendered":"http:\/\/uian.org\/home\/"},"modified":"2026-02-26T16:19:53","modified_gmt":"2026-02-26T16:19:53","slug":"home","status":"publish","type":"page","link":"https:\/\/uian.org\/fr\/","title":{"rendered":"Home"},"content":{"rendered":"\n<div class=\"wp-block-cover alignfull is-light is-repeated\" style=\"margin-top:0;margin-bottom:0;padding-top:0;padding-bottom:0;min-height:895px;aspect-ratio:unset;\"><div class=\"wp-block-cover__image-background wp-image-2372 size-full is-repeated\" style=\"background-position:100% 0%;background-image:url(https:\/\/uian.org\/wp-content\/uploads\/2026\/02\/uian-bg.jpg)\"><\/div><span aria-hidden=\"true\" class=\"wp-block-cover__background has-ast-global-color-5-background-color has-background-dim-0 has-background-dim\"><\/span><div class=\"wp-block-cover__inner-container is-layout-flow wp-container-core-cover-is-layout-4fa898ef wp-block-cover-is-layout-flow\">\n<div class=\"wp-block-columns is-layout-flex wp-container-core-columns-is-layout-28f84493 wp-block-columns-is-layout-flex\">\n<div class=\"wp-block-column is-layout-flow wp-block-column-is-layout-flow\" style=\"flex-basis:55%\">\n<h1 class=\"wp-block-heading has-text-align-left has-ast-global-color-2-color has-text-color\">Soutien aux migrants<\/h1>\n\n\n\n<div class=\"wp-block-columns are-vertically-aligned-center is-layout-flex wp-container-core-columns-is-layout-28f84493 wp-block-columns-is-layout-flex\">\n<div class=\"wp-block-column is-vertically-aligned-center is-layout-flow wp-block-column-is-layout-flow\" style=\"flex-basis:30%\">\n<div class=\"wp-block-buttons is-layout-flex wp-block-buttons-is-layout-flex\">\n<div class=\"wp-block-button\"><a class=\"wp-block-button__link has-ast-global-color-5-color has-ast-global-color-0-background-color has-text-color has-background wp-element-button\" href=\"#\">Faire un don<\/a><\/div>\n<\/div>\n<\/div>\n\n\n\n<div class=\"wp-block-column is-vertically-aligned-center is-layout-flow wp-block-column-is-layout-flow\" style=\"flex-basis:70%\">\n<h4 class=\"wp-block-heading has-text-align-left has-ast-global-color-2-color has-text-color\">+1 123 456 78 90<\/h4>\n<\/div>\n<\/div>\n<\/div>\n\n\n\n<div class=\"wp-block-column is-layout-flow wp-block-column-is-layout-flow\" style=\"flex-basis:45%\"><\/div>\n<\/div>\n<\/div><\/div>\n\n\n\n<div class=\"wp-block-group alignfull has-ast-global-color-5-background-color has-background is-layout-flow wp-block-group-is-layout-flow\"><div class=\"wp-block-group__inner-container\">\n<div class=\"wp-block-media-text alignwide is-stacked-on-mobile\"><figure class=\"wp-block-media-text__media\"><img decoding=\"async\" src=\"https:\/\/uian.org\/wp-content\/uploads\/2022\/02\/covid19-blue-circle-bg.svg\" alt=\"\" class=\"wp-image-1352 size-full\"\/><\/figure><div class=\"wp-block-media-text__content\">\n<h2 class=\"wp-block-heading\">Aide aux immigrants durant les premiers mois d&rsquo;adaptation<\/h2>\n\n\n\n<p>S&rsquo;installer dans un autre pays est toujours une source de stress. Pour beaucoup, il ne s&rsquo;agit pas simplement d&rsquo;une nouvelle \u00e9tape de vie, mais d&rsquo;une situation forc\u00e9e, accompagn\u00e9e de la perte d&#8217;emploi, de logement et de soutien familial. Nous collectons des dons volontaires pour aider les immigrants \u00e0 traverser les premiers mois les plus difficiles\u00a0: se loger temporairement, obtenir des conseils juridiques et subvenir \u00e0 leurs besoins essentiels. Chaque contribution compte.<\/p>\n\n\n\n<div class=\"wp-block-buttons is-layout-flex wp-block-buttons-is-layout-flex\">\n<div class=\"wp-block-button\"><a class=\"wp-block-button__link wp-element-button\">En savoir plus<\/a><\/div>\n<\/div>\n<\/div><\/div>\n\n\n\n<div class=\"wp-block-group alignfull has-ast-global-color-5-color has-ast-global-color-5-background-color has-text-color has-background is-layout-flow wp-block-group-is-layout-flow\"><div class=\"wp-block-group__inner-container\">\n<h2 class=\"wp-block-heading has-text-align-center\">Quels probl\u00e8mes rencontrent les immigrants\u00a0?<\/h2>\n\n\n\n<p class=\"has-text-align-center has-ast-global-color-3-color has-text-color\">Apr\u00e8s leur arriv\u00e9e, de nombreuses personnes se retrouvent en situation de vuln\u00e9rabilit\u00e9\u00a0:<\/p>\n\n\n\n<div class=\"wp-block-columns is-layout-flex wp-container-core-columns-is-layout-28f84493 wp-block-columns-is-layout-flex\">\n<div class=\"wp-block-column is-layout-flow wp-block-column-is-layout-flow\">\n<div class=\"wp-block-uagb-info-box uagb-block-ef5ac20f uagb-infobox__content-wrap  uagb-infobox-icon-above-title uagb-infobox-image-valign-top\"><div class=\"uagb-ifb-content\"><div class=\"uagb-ifb-image-content\"><img decoding=\"async\" src=\"https:\/\/uian.org\/wp-content\/uploads\/2026\/02\/home.png\" alt=\"\" width=\"64\" height=\"78\" loading=\"lazy\"\/><\/div><div class=\"uagb-ifb-title-wrap\"><h5 class=\"uagb-ifb-title\"><strong>Absence de logement stable ou de ressources pour payer le loyer <\/strong><\/h5><\/div><\/div><\/div>\n\n\n\n<p class=\"has-ast-global-color-0-color has-text-color\"><\/p>\n<\/div>\n\n\n\n<div class=\"wp-block-column is-layout-flow wp-block-column-is-layout-flow\">\n<div class=\"wp-block-uagb-info-box uagb-block-8f542a72 uagb-infobox__content-wrap  uagb-infobox-icon-above-title uagb-infobox-image-valign-top\"><div class=\"uagb-ifb-content\"><div class=\"uagb-ifb-image-content\"><img decoding=\"async\" src=\"https:\/\/uian.org\/wp-content\/uploads\/2026\/02\/wegth.png\" alt=\"\" width=\"64\" height=\"67\" loading=\"lazy\"\/><\/div><div class=\"uagb-ifb-title-wrap\"><h5 class=\"uagb-ifb-title\"><strong>Manque de moyens pour une assistance juridique<\/strong><\/h5><\/div><\/div><\/div>\n\n\n\n<p class=\"has-ast-global-color-0-color has-text-color\"><\/p>\n<\/div>\n\n\n\n<div class=\"wp-block-column is-layout-flow wp-block-column-is-layout-flow\">\n<div class=\"wp-block-uagb-info-box uagb-block-b6f3e42b uagb-infobox__content-wrap  uagb-infobox-icon-above-title uagb-infobox-image-valign-top\"><div class=\"uagb-ifb-content\"><div class=\"uagb-ifb-image-content\"><img decoding=\"async\" src=\"https:\/\/uian.org\/wp-content\/uploads\/2026\/02\/doc.png\" alt=\"\" width=\"64\" height=\"88\" loading=\"lazy\"\/><\/div><div class=\"uagb-ifb-title-wrap\"><h5 class=\"uagb-ifb-title\"><strong>Difficult\u00e9s administratives<\/strong><\/h5><\/div><\/div><\/div>\n\n\n\n<p class=\"has-ast-global-color-0-color has-text-color\"><\/p>\n<\/div>\n\n\n\n<div class=\"wp-block-column is-layout-flow wp-block-column-is-layout-flow\">\n<div class=\"wp-block-uagb-info-box uagb-block-0b8b89c0 uagb-infobox__content-wrap  uagb-infobox-icon-above-title uagb-infobox-image-valign-top\"><div class=\"uagb-ifb-content\"><div class=\"uagb-ifb-image-content\"><img decoding=\"async\" src=\"https:\/\/uian.org\/wp-content\/uploads\/2026\/02\/folder.png\" alt=\"\" width=\"64\" height=\"70\" loading=\"lazy\"\/><\/div><div class=\"uagb-ifb-title-wrap\"><h5 class=\"uagb-ifb-title\"><strong><strong>Perte d&#8217;emploi et manque de revenus <\/strong><\/strong><\/h5><\/div><\/div><\/div>\n\n\n\n<p class=\"has-ast-global-color-0-color has-text-color\"><\/p>\n<\/div>\n\n\n\n<div class=\"wp-block-column is-layout-flow wp-block-column-is-layout-flow\">\n<div class=\"wp-block-uagb-info-box uagb-block-11dfe256 uagb-infobox__content-wrap  uagb-infobox-icon-above-title uagb-infobox-image-valign-top\"><div class=\"uagb-ifb-content\"><div class=\"uagb-ifb-image-content\"><img decoding=\"async\" src=\"https:\/\/uian.org\/wp-content\/uploads\/2026\/02\/medical.png\" alt=\"\" width=\"64\" height=\"80\" loading=\"lazy\"\/><\/div><div class=\"uagb-ifb-title-wrap\"><h5 class=\"uagb-ifb-title\"><strong><strong>Acc\u00e8s limit\u00e9 aux soins de sant\u00e9<\/strong><\/strong><\/h5><\/div><\/div><\/div>\n\n\n\n<p class=\"has-ast-global-color-0-color has-text-color\"><\/p>\n<\/div>\n<\/div>\n\n\n\n<p class=\"has-text-align-center has-ast-global-color-3-color has-text-color\">M\u00eame une aide financi\u00e8re ponctuelle peut \u00eatre cruciale.<\/p>\n<\/div><\/div>\n\n\n\n<div class=\"wp-block-columns is-layout-flex wp-container-core-columns-is-layout-28f84493 wp-block-columns-is-layout-flex\">\n<div class=\"wp-block-column is-layout-flow wp-block-column-is-layout-flow\">\n<h2 class=\"wp-block-heading\">Qui nous aidons<\/h2>\n\n\n\n<p>Nous aidons :<\/p>\n\n\n\n<ul class=\"wp-block-list\">\n<li>les familles avec enfants<\/li>\n\n\n\n<li>les personnes sans revenu stable<\/li>\n\n\n\n<li>les demandeurs d&rsquo;asile<\/li>\n\n\n\n<li>les \u00e9migrants dans les trois mois suivant leur arriv\u00e9e<\/li>\n\n\n\n<li>les personnes en situation d&rsquo;urgence<\/li>\n<\/ul>\n\n\n\n<p>La priorit\u00e9 est donn\u00e9e aux cas les plus vuln\u00e9rables.<\/p>\n<\/div>\n\n\n\n<div class=\"wp-block-column is-layout-flow wp-block-column-is-layout-flow\">\n<figure class=\"wp-block-image size-full is-resized\"><img loading=\"lazy\" decoding=\"async\" width=\"506\" height=\"505\" src=\"https:\/\/uian.org\/wp-content\/uploads\/2026\/02\/uian-2.jpg\" alt=\"\" class=\"wp-image-2378\" style=\"aspect-ratio:1.0019992678737364;width:578px;height:auto\" srcset=\"https:\/\/uian.org\/wp-content\/uploads\/2026\/02\/uian-2.jpg 506w, https:\/\/uian.org\/wp-content\/uploads\/2026\/02\/uian-2-300x300.jpg 300w, https:\/\/uian.org\/wp-content\/uploads\/2026\/02\/uian-2-150x150.jpg 150w\" sizes=\"auto, (max-width: 506px) 100vw, 506px\" \/><\/figure>\n<\/div>\n<\/div>\n\n\n\n<div class=\"wp-block-columns is-layout-flex wp-container-core-columns-is-layout-28f84493 wp-block-columns-is-layout-flex\">\n<div class=\"wp-block-column is-layout-flow wp-block-column-is-layout-flow\">\n<figure class=\"wp-block-image size-full\"><img loading=\"lazy\" decoding=\"async\" width=\"506\" height=\"508\" src=\"https:\/\/uian.org\/wp-content\/uploads\/2026\/02\/uian-4.jpg\" alt=\"\" class=\"wp-image-2371\" srcset=\"https:\/\/uian.org\/wp-content\/uploads\/2026\/02\/uian-4.jpg 506w, https:\/\/uian.org\/wp-content\/uploads\/2026\/02\/uian-4-300x300.jpg 300w, https:\/\/uian.org\/wp-content\/uploads\/2026\/02\/uian-4-150x150.jpg 150w\" sizes=\"auto, (max-width: 506px) 100vw, 506px\" \/><\/figure>\n<\/div>\n\n\n\n<div class=\"wp-block-column is-layout-flow wp-block-column-is-layout-flow\">\n<div class=\"wp-block-group is-nowrap is-layout-flex wp-container-core-group-is-layout-6c531013 wp-block-group-is-layout-flex\">\n<h2 class=\"wp-block-heading has-ast-global-color-2-color has-text-color\">Comment fonctionne notre soutien\u00a0?<\/h2>\n<\/div>\n\n\n\n<p class=\"has-ast-global-color-3-color has-text-color\">Nous fonctionnons de mani\u00e8re simple et transparente\u00a0:<\/p>\n\n\n\n<p>1. Nous recevons les demandes. Les personnes d\u00e9crivent leur situation via le formulaire de demande.<\/p>\n\n\n\n<p>2. Nous v\u00e9rifions les informations Nous clarifions les d\u00e9tails et \u00e9valuons l&rsquo;urgence de l&rsquo;aide.<\/p>\n\n\n\n<p>3. Nous distribuons les dons Les fonds sont transf\u00e9r\u00e9s directement aux b\u00e9n\u00e9ficiaires ou utilis\u00e9s pour financer des services sp\u00e9cifiques (logement, consultations juridiques, etc.).<\/p>\n\n\n\n<p>Nous publions des rapports r\u00e9guliers sur les fonds collect\u00e9s et distribu\u00e9s.<\/p>\n<\/div>\n<\/div>\n<\/div><\/div>\n\n\n\n<div class=\"wp-block-group alignfull has-ast-global-color-4-background-color has-background is-layout-flow wp-block-group-is-layout-flow\"><div class=\"wp-block-group__inner-container\">\n<div class=\"wp-block-columns is-layout-flex wp-container-core-columns-is-layout-28f84493 wp-block-columns-is-layout-flex\">\n<div class=\"wp-block-column has-ast-global-color-4-background-color has-background is-layout-flow wp-block-column-is-layout-flow\">\n<h2 class=\"wp-block-heading has-text-align-center\">Comment nous aider<\/h2>\n\n\n\n<p class=\"has-text-align-center\">M\u00eame un petit don compte\u00a0:<\/p>\n<\/div>\n<\/div>\n\n\n\n<div class=\"wp-block-group has-ast-global-color-5-background-color has-background is-layout-flow wp-block-group-is-layout-flow\"><div class=\"wp-block-group__inner-container\">\n<div class=\"wp-block-columns has-ast-global-color-5-background-color has-background is-layout-flex wp-container-core-columns-is-layout-28f84493 wp-block-columns-is-layout-flex\">\n<div class=\"wp-block-column is-layout-flow wp-block-column-is-layout-flow\">\n<h4 class=\"wp-block-heading\">20\u00a0$ \u2013 nourriture pour quelques jours<\/h4>\n\n\n\n<p><\/p>\n\n\n\n<div class=\"wp-block-buttons is-layout-flex wp-block-buttons-is-layout-flex\">\n<div class=\"wp-block-button\"><a class=\"wp-block-button__link wp-element-button\">Faire un don de 20\u00a0$<\/a><\/div>\n<\/div>\n<\/div>\n\n\n\n<div class=\"wp-block-column is-layout-flow wp-block-column-is-layout-flow\">\n<h4 class=\"wp-block-heading\">50\u00a0$ \u2013 paiement partiel du loyer<\/h4>\n\n\n\n<p><\/p>\n\n\n\n<div class=\"wp-block-buttons is-layout-flex wp-block-buttons-is-layout-flex\">\n<div class=\"wp-block-button\"><a class=\"wp-block-button__link wp-element-button\">Faire un don de 50\u00a0$<\/a><\/div>\n<\/div>\n<\/div>\n\n\n\n<div class=\"wp-block-column is-layout-flow wp-block-column-is-layout-flow\">\n<h4 class=\"wp-block-heading\">100\u00a0$ \u2013 conseils juridiques<\/h4>\n\n\n\n<p><\/p>\n\n\n\n<div class=\"wp-block-buttons is-layout-flex wp-block-buttons-is-layout-flex\">\n<div class=\"wp-block-button\"><a class=\"wp-block-button__link wp-element-button\">Votre montant<\/a><\/div>\n<\/div>\n<\/div>\n<\/div>\n<\/div><\/div>\n<\/div><\/div>\n\n\n\n<div class=\"wp-block-group alignfull has-ast-global-color-5-background-color has-background is-layout-flow wp-block-group-is-layout-flow\"><div class=\"wp-block-group__inner-container\">\n<div class=\"wp-block-columns is-layout-flex wp-container-core-columns-is-layout-28f84493 wp-block-columns-is-layout-flex\">\n<div class=\"wp-block-column is-layout-flow wp-block-column-is-layout-flow\"><\/div>\n<\/div>\n<\/div><\/div>\n\n\n\n<div class=\"wp-block-group alignfull has-ast-global-color-5-background-color has-background is-layout-flow wp-block-group-is-layout-flow\"><div class=\"wp-block-group__inner-container\">\n<div class=\"wp-block-columns is-layout-flex wp-container-core-columns-is-layout-28f84493 wp-block-columns-is-layout-flex\">\n<div class=\"wp-block-column is-layout-flow wp-block-column-is-layout-flow\">\n<div class=\"wp-block-group is-layout-constrained wp-block-group-is-layout-constrained\"><div class=\"wp-block-group__inner-container\">\n<h2 class=\"wp-block-heading has-ast-global-color-2-color has-text-color\">Obtenir de l&rsquo;aide<\/h2>\n\n\n\n<p class=\"has-ast-global-color-3-color has-text-color\">Si vous rencontrez des difficult\u00e9s suite \u00e0 votre d\u00e9m\u00e9nagement, vous pouvez soumettre une demande d&rsquo;aide.<\/p>\n\n\n\n<div class=\"wp-block-buttons is-layout-flex wp-block-buttons-is-layout-flex\">\n<div class=\"wp-block-button\"><a class=\"wp-block-button__link wp-element-button\" href=\"#\">Soumettre une demande<\/a><\/div>\n<\/div>\n<\/div><\/div>\n<\/div>\n\n\n\n<div class=\"wp-block-column is-layout-flow wp-block-column-is-layout-flow\">\n<figure class=\"wp-block-image size-full\"><img loading=\"lazy\" decoding=\"async\" width=\"1014\" height=\"675\" src=\"https:\/\/uian.org\/wp-content\/uploads\/2026\/02\/2026-02-24_11-44-40.png\" alt=\"\" class=\"wp-image-2263\" style=\"aspect-ratio:1.502253040060904\" srcset=\"https:\/\/uian.org\/wp-content\/uploads\/2026\/02\/2026-02-24_11-44-40.png 1014w, https:\/\/uian.org\/wp-content\/uploads\/2026\/02\/2026-02-24_11-44-40-300x200.png 300w, https:\/\/uian.org\/wp-content\/uploads\/2026\/02\/2026-02-24_11-44-40-768x511.png 768w\" sizes=\"auto, (max-width: 1014px) 100vw, 1014px\" \/><\/figure>\n<\/div>\n<\/div>\n<\/div><\/div>\n\n\n\n<p><\/p>\n","protected":false},"excerpt":{"rendered":"<p>Aide aux immigrants durant les premiers mois d&rsquo;adaptation S&rsquo;installer dans un autre pays est toujours une source de stress. Pour beaucoup, il ne s&rsquo;agit pas simplement d&rsquo;une nouvelle \u00e9tape de vie, mais d&rsquo;une situation forc\u00e9e, accompagn\u00e9e de la perte d&#8217;emploi, de logement et de soutien familial. Nous collectons des dons volontaires pour aider les immigrants [&hellip;]<\/p>\n","protected":false},"author":1,"featured_media":0,"parent":0,"menu_order":0,"comment_status":"closed","ping_status":"closed","template":"","meta":{"_uag_custom_page_level_css":"","site-sidebar-layout":"no-sidebar","site-content-layout":"plain-container","ast-site-content-layout":"normal-width-container","site-content-style":"unboxed","site-sidebar-style":"unboxed","ast-global-header-display":"","ast-banner-title-visibility":"","ast-main-header-display":"","ast-hfb-above-header-display":"","ast-hfb-below-header-display":"","ast-hfb-mobile-header-display":"","site-post-title":"disabled","ast-breadcrumbs-content":"","ast-featured-img":"disabled","footer-sml-layout":"","ast-disable-related-posts":"","theme-transparent-header-meta":"enabled","adv-header-id-meta":"","stick-header-meta":"","header-above-stick-meta":"","header-main-stick-meta":"","header-below-stick-meta":"","astra-migrate-meta-layouts":"set","ast-page-background-enabled":"default","ast-page-background-meta":{"desktop":{"background-color":"","background-image":"","background-repeat":"repeat","background-position":"center center","background-size":"auto","background-attachment":"scroll","background-type":"","background-media":"","overlay-type":"","overlay-color":"","overlay-opacity":"","overlay-gradient":""},"tablet":{"background-color":"","background-image":"","background-repeat":"repeat","background-position":"center center","background-size":"auto","background-attachment":"scroll","background-type":"","background-media":"","overlay-type":"","overlay-color":"","overlay-opacity":"","overlay-gradient":""},"mobile":{"background-color":"","background-image":"","background-repeat":"repeat","background-position":"center center","background-size":"auto","background-attachment":"scroll","background-type":"","background-media":"","overlay-type":"","overlay-color":"","overlay-opacity":"","overlay-gradient":""}},"ast-content-background-meta":{"desktop":{"background-color":"var(--ast-global-color-4)","background-image":"","background-repeat":"repeat","background-position":"center center","background-size":"auto","background-attachment":"scroll","background-type":"","background-media":"","overlay-type":"","overlay-color":"","overlay-opacity":"","overlay-gradient":""},"tablet":{"background-color":"var(--ast-global-color-4)","background-image":"","background-repeat":"repeat","background-position":"center center","background-size":"auto","background-attachment":"scroll","background-type":"","background-media":"","overlay-type":"","overlay-color":"","overlay-opacity":"","overlay-gradient":""},"mobile":{"background-color":"var(--ast-global-color-4)","background-image":"","background-repeat":"repeat","background-position":"center center","background-size":"auto","background-attachment":"scroll","background-type":"","background-media":"","overlay-type":"","overlay-color":"","overlay-opacity":"","overlay-gradient":""}},"footnotes":""},"class_list":["post-9","page","type-page","status-publish","hentry"],"aioseo_notices":[],"_hostinger_reach_plugin_has_subscription_block":false,"_hostinger_reach_plugin_is_elementor":false,"uagb_featured_image_src":{"full":false,"thumbnail":false,"medium":false,"medium_large":false,"large":false,"1536x1536":false,"2048x2048":false},"uagb_author_info":{"display_name":"info@rispo.ru","author_link":"https:\/\/uian.org\/fr\/author\/inforispo-ru\/"},"uagb_comment_info":0,"uagb_excerpt":"Aide aux immigrants durant les premiers mois d&rsquo;adaptation S&rsquo;installer dans un autre pays est toujours une source de stress. Pour beaucoup, il ne s&rsquo;agit pas simplement d&rsquo;une nouvelle \u00e9tape de vie, mais d&rsquo;une situation forc\u00e9e, accompagn\u00e9e de la perte d&#8217;emploi, de logement et de soutien familial. Nous collectons des dons volontaires pour aider les immigrants\u2026","_links":{"self":[{"href":"https:\/\/uian.org\/fr\/wp-json\/wp\/v2\/pages\/9","targetHints":{"allow":["GET"]}}],"collection":[{"href":"https:\/\/uian.org\/fr\/wp-json\/wp\/v2\/pages"}],"about":[{"href":"https:\/\/uian.org\/fr\/wp-json\/wp\/v2\/types\/page"}],"author":[{"embeddable":true,"href":"https:\/\/uian.org\/fr\/wp-json\/wp\/v2\/users\/1"}],"replies":[{"embeddable":true,"href":"https:\/\/uian.org\/fr\/wp-json\/wp\/v2\/comments?post=9"}],"version-history":[{"count":132,"href":"https:\/\/uian.org\/fr\/wp-json\/wp\/v2\/pages\/9\/revisions"}],"predecessor-version":[{"id":2505,"href":"https:\/\/uian.org\/fr\/wp-json\/wp\/v2\/pages\/9\/revisions\/2505"}],"wp:attachment":[{"href":"https:\/\/uian.org\/fr\/wp-json\/wp\/v2\/media?parent=9"}],"curies":[{"name":"wp","href":"https:\/\/api.w.org\/{rel}","templated":true}]}}